{"id":587,"date":"2009-12-18T17:47:46","date_gmt":"2009-12-18T16:47:46","guid":{"rendered":"http:\/\/lesrebellesdenoel.ch\/chfr\/?page_id=587"},"modified":"2011-11-28T14:18:17","modified_gmt":"2011-11-28T13:18:17","slug":"presse","status":"publish","type":"page","link":"https:\/\/lesrebellesdenoel.ch\/chfr\/presse\/","title":{"rendered":"Les Rebelles de No\u00ebl dans la presse"},"content":{"rendered":"<h2>Campagne 2011<\/h2>\n<p><a href=\"http:\/\/lesrebellesdenoel.ch\/chfr\/wp-content\/rebelles\/2009\/12\/communique-presse-rebelles-noel2011.pdf\" target=\"_blank\">Le communiqu\u00e9 de presse des Rebelles de No\u00ebl 2011\u00a0est disponible ici<\/a>.<\/p>\n<h2>Campagne 2010<\/h2>\n<p>La campagne 2010 d\u00e9marre le 27 novembre par la journ\u00e9e sans achat.<br \/>\n<strong><a href=\"http:\/\/lesrebellesdenoel.ch\/chfr\/wp-content\/rebelles\/2009\/12\/com-rebelle-noel-internet.pdf\">Le communiqu\u00e9 de presse de la campagne 2010 des Rebelles de No\u00ebl est disponible ici.<\/a><\/strong><\/p>\n<h5><strong><a href=\"http:\/\/www.tdg.ch\/node\/290407\" target=\"_blank\">Tribune de Gen\u00e8ve &#8211; Article compte-rendu d\u00e9bat &#8211; 24 d\u00e9cembre 2010<\/a><\/strong><\/h5>\n<h5><a href=\"http:\/\/www.tdg.ch\/actu\/divers\/celebration-religieuse-fete-familiale-course-cadeaux-reste-esprit-noel-2010-12-21\" target=\"_blank\">Tribune de Gen\u00e8ve &#8211; D\u00e9bat avec Samuel Ninck-Lehman &#8211; 23 d\u00e9cembre 2010<\/a><\/h5>\n<h5><a href=\"http:\/\/eerv.ch\" target=\"_blank\">EERV &#8211; Publication du lien sur la vid\u00e9o de m\u00e9ditation &#8211; 22 d\u00e9cembre 2010<\/a><\/h5>\n<h5><strong><a href=\"http:\/\/www.arcinfo.ch\/details\/article\/336500\/de_la_reflexion_en_place_de_cadeaux_pour_les_rebelles_de_noel.html\" target=\"_blank\">Arcinfo &#8211; 21 d\u00e9cembre 2010<\/a><\/strong><\/h5>\n<h5><strong><a href=\"http:\/\/www.rsr.ch\/#\/la-1ere\/programmes\/le-12h30\/?date=21-12-2010\" target=\"_blank\">Radio Suisse Romande &#8211; Le 12h30 &#8211; 21 d\u00e9cembre 2010<\/a> <\/strong><\/h5>\n<p><a class=\"wpaudio\" href=\"http:\/\/medias.rsr.ch\/la-1ere\/programmes\/le-12h30\/2010\/le-12h30_20101221_standard_developpement-8_20101221-1325_33b4a822-c09d-4013-8a53-5edebe2fb110-128k.mp3\">Ecouter le 12h30<\/a><\/p>\n<h5><a href=\"http:\/\/www.canalpod.ch\/news\/journal_lundi_20.12.10.m4v\" target=\"_blank\">Canal Alpha &#8211; Journal de 19h &#8211; 20 d\u00e9cembre 2010<\/a> (commence \u00e0 4 minutes et 52 secondes)<\/h5>\n<p><em>Interview et extrait du court-m\u00e9trage et de l&rsquo;animation 2009<\/em><\/p>\n<h5><a href=\"http:\/\/www.lecourrier.ch\/index.php?name=NewsPaper&amp;file=article&amp;sid=447712\" target=\"_blank\">Le courrier &#8211; Editorial &#8211; 18 d\u00e9cembre 2010<\/a><\/h5>\n<h5><a href=\"http:\/\/www.tsr.ch\/emissions\/religion\/faut-pas-croire\/2678278-noel-le-piege-de-la-consommation.html\" target=\"_blank\">Faut pas croire (T\u00e9l\u00e9vision Suisse Romande) &#8211; 18 d\u00e9cembre 2010<\/a><\/h5>\n<p><em>Introduction avec une famille de Rebelles de No\u00ebl et <\/em><a href=\"http:\/\/lesrebellesdenoel.ch\/chfr\/l-eveil-court-metrage-rebelles-de-noel\/\"><em>quelques instants du court-m\u00e9trage de la campagne<\/em><\/a><em> et d\u00e9bat avec Samuel Ninck-Lehman de <\/em><a href=\"http:\/\/christnet.ch\" target=\"_blank\"><em>ChristNet<\/em><\/a><em>.<\/em><\/p>\n<h5><a href=\"http:\/\/gauchebdo.ch\/\" target=\"_blank\">Gauchebdo &#8211; 18 d\u00e9cembre 2010<\/a><\/h5>\n<p>Extrait: <em>\u00abNo\u00ebl est le point culminant du consum\u00e9risme et l&rsquo;objectif est de permettre aux gens de r\u00e9fl\u00e9chir, de prendre de la hauteur.\u00bb Repenser No\u00ebl, tout simplement.<\/em><\/p>\n<h5><a href=\"http:\/\/voceevangelica.ch\/news\/news.cfm?id=13451\" target=\"_blank\">Voce Evangelica &#8211; 12 d\u00e9cembre 2010<\/a><\/h5>\n<h5><strong><a href=\"http:\/\/www.24heures.ch\/vaud-regions\/nord-vaudois-broye\/collectif-fetes-noel-achats-2010-12-08\" target=\"_blank\">24 heures &#8211; 9 d\u00e9cembre 2010<\/a><\/strong><\/h5>\n<p><em>Commentaire: Un peu pol\u00e9mique et m\u00e9lange avec des partis poliques et autres actions qui n&rsquo;ont aucun lien. L&rsquo;esprit de la campagne n&rsquo;est pas de se passer de tout cadeau, mais de r\u00e9fl\u00e9chir au sens de nos actes.<\/em><\/p>\n<h5><a href=\"http:\/\/www.lavie.fr\/chroniques\/editorial\/interdisons-noel-09-12-2010-12258_37.php\" target=\"_blank\">La vie &#8211; Editorial \u00a0de Jean-Pierre Denis &#8211;\u00a09 d\u00e9cembre 2010<\/a><\/h5>\n<p>Extrait: <em>Sur lavie.fr, dans l\u2019excellente <\/em><a href=\"http:\/\/www.lavie.fr\/chroniques\/matinale-chretienne\/\"><em>Matinale chr\u00e9tienne<\/em><\/a><em>, on trouve la vid\u00e9o des \u00a0\u00bb <\/em><a href=\"http:\/\/lesrebellesdenoel.ch\/chfr\/l-eveil-court-metrage-rebelles-de-noel\/\"><em>Rebelles de No\u00ebl<\/em><\/a><em> \u00ab\u00a0. Je vous invite \u00e0 la regarder. Les auteurs, une bande de Suisses inspir\u00e9s, montrent non sans humour \u00e0 quel point nous nous laissons intoxiquer par toute cette propagande qui veut litt\u00e9ralement nous faire tout avaler. Mais ils soulignent aussi que l\u2019aspiration \u00e0 l\u2019essentiel n\u2019est pas morte en nous.<\/em><\/p>\n<h5><a href=\"http:\/\/www.lavie.fr\/chroniques\/matinale-chretienne\/chine-eveques-en-fuite-ou-arretes-pression-accrue-sur-l-eglise-catholique-07-12-2010-12184_167.php\" target=\"_blank\">La vie.fr &#8211; 7 d\u00e9cembre 2010<\/a><\/h5>\n<p>Affichage de la vid\u00e9o sur la page \u00ab\u00a0Matinale chr\u00e9tienne\u00a0\u00bb.<\/p>\n<h5><a rel=\"nofollow\" href=\"http:\/\/www.lafree.ch\/details.php\/fr\/actualite.html?idelement=1285\" target=\"_blank\">La Free.ch &#8211; 7 d\u00e9cembre 2010<\/a><\/h5>\n<h5><a rel=\"nofollow\" href=\"http:\/\/www.alliance-presse.info\/news_internationales\/details.php?id_article=4772&amp;style=ca\" target=\"_blank\">Alliance Presse &#8211; 6 d\u00e9cembre 2010<\/a><\/h5>\n<h5><a rel=\"nofollow\" href=\"http:\/\/www.kipa-apic.ch\/index.php?pw=&amp;na=0,0,0,0,f&amp;ki=214829\" target=\"_blank\">Apic\/kipa &#8211; 6 d\u00e9cembre 2010<\/a><\/h5>\n<h5><a href=\"http:\/\/www.rsr.ch\/la-1ere\/programmes\/hautes-frequences\/\">Haute Fr\u00e9quence (RSR) &#8211; 5 d\u00e9cembre 2010<\/a><\/h5>\n<p>Reportage sur la journ\u00e9e sans achat \u00e0 Bern et d\u00e9bat autour de No\u00ebl et du consum\u00e9risme.<br \/>\n<a class=\"wpaudio\" href=\"http:\/\/medias.rsr.ch\/la-1ere\/programmes\/hautes-frequences\/2010\/hautes-frequences_20101205_full_hautes-frequences_20101205-2000_6e7e09b9-40c7-48ea-86f6-4b233621f7ac-128k.mp3\">Ecouter l&rsquo;\u00e9mission Haute-Fr\u00e9quence<\/a><\/p>\n<h5><a href=\"http:\/\/www.rsr.ch\/#\/la-1ere\/programmes\/juste-ciel\/\">Juste Ciel (RSR) &#8211; 26 novembre 2010<\/a><\/h5>\n<p>L&rsquo;\u00e9mission \u00ab\u00a0Juste Ciel\u00a0\u00bb de la Radio Suisse Romande a pr\u00e9sent\u00e9 le d\u00e9but de la campagne des Rebelles de No\u00ebl qui commence le 27 novembre par la journ\u00e9e sans achat.<br \/>\n<a class=\"wpaudio\" href=\"http:\/\/medias.rsr.ch\/la-1ere\/programmes\/le-journal-du-matin\/2010\/le-journal-du-matin_20101126_standard_juste-ciel_20101126-0636_2b1cfac3-74c2-461a-aebd-6425ed4d27d1-128k.mp3\">Ecouter l&rsquo;\u00e9mission Juste-Ciel<\/a><\/p>\n<h5><a href=\"http:\/\/www.kipa-apic.ch\/index.php?pw=&amp;na=0,0,0,0,f&amp;ki=214464\" target=\"_blank\">Apic-Kipa &#8211; 24 novembre<\/a><\/h5>\n<h2>Campagne 2009<\/h2>\n<p>Nous avons pr\u00e9par\u00e9 un communiqu\u00e9 de presse \u00e0 l&rsquo;attention des m\u00e9dias:\u00a0<a href=\"http:\/\/lesrebellesdenoel.ch\/chfr\/wp-content\/rebelles\/2009\/12\/rebelles-noel-communique-presse-2009.pdf\">Communiqu\u00e9 de presse des Rebelles de No\u00ebl 2009<\/a>.<\/p>\n<h3>Voici les diff\u00e9rents m\u00e9dias qui ont mentionn\u00e9 le projet des Rebelles de No\u00ebl en 2009<\/h3>\n<h4>Projet en fran\u00e7ais<\/h4>\n<p><strong><a href=\"http:\/\/www.ghi.ch\" target=\"_blank\">GHI<\/a> &#8211; 22 d\u00e9cembre 2009<\/strong><\/p>\n<p><a href=\"https:\/\/i0.wp.com\/lesrebellesdenoel.ch\/chfr\/wp-content\/rebelles\/2009\/12\/ghi-rebelles-noel-2009.jpg\"><img data-attachment-id=\"639\" data-permalink=\"https:\/\/lesrebellesdenoel.ch\/chfr\/presse\/ghi-rebelles-noel-2009\/\" data-orig-file=\"https:\/\/i0.wp.com\/lesrebellesdenoel.ch\/chfr\/wp-content\/rebelles\/2009\/12\/ghi-rebelles-noel-2009.jpg?fit=1000%2C976&amp;ssl=1\" data-orig-size=\"1000,976\" data-comments-opened=\"1\" data-image-meta=\"{&quot;aperture&quot;:&quot;0&quot;,&quot;credit&quot;:&quot;&quot;,&quot;camera&quot;:&quot;&quot;,&quot;caption&quot;:&quot;&quot;,&quot;created_timestamp&quot;:&quot;0&quot;,&quot;copyright&quot;:&quot;&quot;,&quot;focal_length&quot;:&quot;0&quot;,&quot;iso&quot;:&quot;0&quot;,&quot;shutter_speed&quot;:&quot;0&quot;,&quot;title&quot;:&quot;&quot;,&quot;orientation&quot;:&quot;0&quot;}\" data-image-title=\"GHI &#8211; article 2009 &#8211; Rebelles de No\u00ebl\" data-image-description=\"\" data-image-caption=\"\" data-medium-file=\"https:\/\/i0.wp.com\/lesrebellesdenoel.ch\/chfr\/wp-content\/rebelles\/2009\/12\/ghi-rebelles-noel-2009.jpg?fit=300%2C293&amp;ssl=1\" data-large-file=\"https:\/\/i0.wp.com\/lesrebellesdenoel.ch\/chfr\/wp-content\/rebelles\/2009\/12\/ghi-rebelles-noel-2009.jpg?fit=750%2C732&amp;ssl=1\" decoding=\"async\" loading=\"lazy\" class=\"alignnone size-medium wp-image-639\" title=\"GHI - article 2009 - Rebelles de No\u00ebl\" src=\"https:\/\/i0.wp.com\/lesrebellesdenoel.ch\/chfr\/wp-content\/rebelles\/2009\/12\/ghi-rebelles-noel-2009-300x292.jpg?resize=300%2C292\" alt=\"GHI - article 2009 - Rebelles de No\u00ebl\" width=\"300\" height=\"292\" data-recalc-dims=\"1\" \/><\/a><\/p>\n<h5><a href=\"http:\/\/www.tdg.ch\/geneve\/culture\/chretiens-anars-rebelles-noel-2009-12-17\" target=\"_blank\">La Tribune de Gen\u00e8ve<\/a> &#8211; 18 d\u00e9cembre 2009<\/h5>\n<p><a href=\"http:\/\/www.tdg.ch\/geneve\/culture\/chretiens-anars-rebelles-noel-2009-12-17\" target=\"_blank\"><img data-attachment-id=\"589\" data-permalink=\"https:\/\/lesrebellesdenoel.ch\/chfr\/presse\/tribune-geneve-18-12-2009-small\/\" data-orig-file=\"https:\/\/i0.wp.com\/lesrebellesdenoel.ch\/chfr\/wp-content\/rebelles\/2009\/12\/tribune-geneve-18-12-2009-small.png?fit=450%2C228&amp;ssl=1\" data-orig-size=\"450,228\" data-comments-opened=\"1\" data-image-meta=\"{&quot;aperture&quot;:&quot;0&quot;,&quot;credit&quot;:&quot;&quot;,&quot;camera&quot;:&quot;&quot;,&quot;caption&quot;:&quot;&quot;,&quot;created_timestamp&quot;:&quot;0&quot;,&quot;copyright&quot;:&quot;&quot;,&quot;focal_length&quot;:&quot;0&quot;,&quot;iso&quot;:&quot;0&quot;,&quot;shutter_speed&quot;:&quot;0&quot;,&quot;title&quot;:&quot;&quot;,&quot;orientation&quot;:&quot;0&quot;}\" data-image-title=\"tribune-geneve-18-12-2009-small\" data-image-description=\"\" data-image-caption=\"\" data-medium-file=\"https:\/\/i0.wp.com\/lesrebellesdenoel.ch\/chfr\/wp-content\/rebelles\/2009\/12\/tribune-geneve-18-12-2009-small.png?fit=300%2C152&amp;ssl=1\" data-large-file=\"https:\/\/i0.wp.com\/lesrebellesdenoel.ch\/chfr\/wp-content\/rebelles\/2009\/12\/tribune-geneve-18-12-2009-small.png?fit=450%2C228&amp;ssl=1\" decoding=\"async\" loading=\"lazy\" class=\"alignnone size-full wp-image-589\" title=\"tribune-geneve-18-12-2009-small\" src=\"https:\/\/i0.wp.com\/lesrebellesdenoel.ch\/chfr\/wp-content\/rebelles\/2009\/12\/tribune-geneve-18-12-2009-small.png?resize=450%2C228\" alt=\"tribune-geneve-18-12-2009-small\" width=\"450\" height=\"228\" srcset=\"https:\/\/i0.wp.com\/lesrebellesdenoel.ch\/chfr\/wp-content\/rebelles\/2009\/12\/tribune-geneve-18-12-2009-small.png?w=450&amp;ssl=1 450w, https:\/\/i0.wp.com\/lesrebellesdenoel.ch\/chfr\/wp-content\/rebelles\/2009\/12\/tribune-geneve-18-12-2009-small.png?resize=300%2C152&amp;ssl=1 300w\" sizes=\"(max-width: 450px) 100vw, 450px\" data-recalc-dims=\"1\" \/><\/a><\/p>\n<h5><a href=\"http:\/\/www.laregion.ch\/\" target=\"_blank\">La R\u00e9gion<\/a> &#8211; 18 d\u00e9cembre 2009<\/h5>\n<p><a href=\"https:\/\/i0.wp.com\/lesrebellesdenoel.ch\/chfr\/wp-content\/rebelles\/2009\/12\/la-region-18-12-2009-small.png\"><img data-attachment-id=\"595\" data-permalink=\"https:\/\/lesrebellesdenoel.ch\/chfr\/presse\/la-region-18-12-2009-small\/\" data-orig-file=\"https:\/\/i0.wp.com\/lesrebellesdenoel.ch\/chfr\/wp-content\/rebelles\/2009\/12\/la-region-18-12-2009-small.png?fit=450%2C384&amp;ssl=1\" data-orig-size=\"450,384\" data-comments-opened=\"1\" data-image-meta=\"{&quot;aperture&quot;:&quot;0&quot;,&quot;credit&quot;:&quot;&quot;,&quot;camera&quot;:&quot;&quot;,&quot;caption&quot;:&quot;&quot;,&quot;created_timestamp&quot;:&quot;0&quot;,&quot;copyright&quot;:&quot;&quot;,&quot;focal_length&quot;:&quot;0&quot;,&quot;iso&quot;:&quot;0&quot;,&quot;shutter_speed&quot;:&quot;0&quot;,&quot;title&quot;:&quot;&quot;,&quot;orientation&quot;:&quot;0&quot;}\" data-image-title=\"La R\u00e9gion\" data-image-description=\"\" data-image-caption=\"\" data-medium-file=\"https:\/\/i0.wp.com\/lesrebellesdenoel.ch\/chfr\/wp-content\/rebelles\/2009\/12\/la-region-18-12-2009-small.png?fit=300%2C256&amp;ssl=1\" data-large-file=\"https:\/\/i0.wp.com\/lesrebellesdenoel.ch\/chfr\/wp-content\/rebelles\/2009\/12\/la-region-18-12-2009-small.png?fit=450%2C384&amp;ssl=1\" decoding=\"async\" loading=\"lazy\" class=\"alignnone size-full wp-image-595\" title=\"La R\u00e9gion\" src=\"https:\/\/i0.wp.com\/lesrebellesdenoel.ch\/chfr\/wp-content\/rebelles\/2009\/12\/la-region-18-12-2009-small.png?resize=450%2C384\" alt=\"La R\u00e9gion\" width=\"450\" height=\"384\" srcset=\"https:\/\/i0.wp.com\/lesrebellesdenoel.ch\/chfr\/wp-content\/rebelles\/2009\/12\/la-region-18-12-2009-small.png?w=450&amp;ssl=1 450w, https:\/\/i0.wp.com\/lesrebellesdenoel.ch\/chfr\/wp-content\/rebelles\/2009\/12\/la-region-18-12-2009-small.png?resize=300%2C256&amp;ssl=1 300w\" sizes=\"(max-width: 450px) 100vw, 450px\" data-recalc-dims=\"1\" \/><\/a><\/p>\n<h5><a href=\"http:\/\/www.lecourrier.ch\/\" target=\"_blank\">Le Courrier <\/a>&#8211; 12 d\u00e9cembre 2009<\/h5>\n<div id=\"attachment_588\" style=\"width: 460px\" class=\"wp-caption alignnone\"><img aria-describedby=\"caption-attachment-588\" data-attachment-id=\"588\" data-permalink=\"https:\/\/lesrebellesdenoel.ch\/chfr\/presse\/courrier-12-12-2009-small\/\" data-orig-file=\"https:\/\/i0.wp.com\/lesrebellesdenoel.ch\/chfr\/wp-content\/rebelles\/2009\/12\/courrier-12-12-2009-small.jpg?fit=450%2C426&amp;ssl=1\" data-orig-size=\"450,426\" data-comments-opened=\"1\" data-image-meta=\"{&quot;aperture&quot;:&quot;0&quot;,&quot;credit&quot;:&quot;&quot;,&quot;camera&quot;:&quot;&quot;,&quot;caption&quot;:&quot;&quot;,&quot;created_timestamp&quot;:&quot;0&quot;,&quot;copyright&quot;:&quot;&quot;,&quot;focal_length&quot;:&quot;0&quot;,&quot;iso&quot;:&quot;0&quot;,&quot;shutter_speed&quot;:&quot;0&quot;,&quot;title&quot;:&quot;&quot;,&quot;orientation&quot;:&quot;0&quot;}\" data-image-title=\"courrier-12-12-2009-small\" data-image-description=\"\" data-image-caption=\"&lt;p&gt;Les Rebelles de No\u00ebl dans le journal le Courrier&lt;\/p&gt;\n\" data-medium-file=\"https:\/\/i0.wp.com\/lesrebellesdenoel.ch\/chfr\/wp-content\/rebelles\/2009\/12\/courrier-12-12-2009-small.jpg?fit=300%2C284&amp;ssl=1\" data-large-file=\"https:\/\/i0.wp.com\/lesrebellesdenoel.ch\/chfr\/wp-content\/rebelles\/2009\/12\/courrier-12-12-2009-small.jpg?fit=450%2C426&amp;ssl=1\" decoding=\"async\" loading=\"lazy\" class=\"size-full wp-image-588 \" title=\"courrier-12-12-2009-small\" src=\"https:\/\/i0.wp.com\/lesrebellesdenoel.ch\/chfr\/wp-content\/rebelles\/2009\/12\/courrier-12-12-2009-small.jpg?resize=450%2C426\" alt=\"Les Rebelles de No\u00ebl dans le journal le Courrier\" width=\"450\" height=\"426\" srcset=\"https:\/\/i0.wp.com\/lesrebellesdenoel.ch\/chfr\/wp-content\/rebelles\/2009\/12\/courrier-12-12-2009-small.jpg?w=450&amp;ssl=1 450w, https:\/\/i0.wp.com\/lesrebellesdenoel.ch\/chfr\/wp-content\/rebelles\/2009\/12\/courrier-12-12-2009-small.jpg?resize=300%2C284&amp;ssl=1 300w\" sizes=\"(max-width: 450px) 100vw, 450px\" data-recalc-dims=\"1\" \/><p id=\"caption-attachment-588\" class=\"wp-caption-text\">Les Rebelles de No\u00ebl dans le journal le Courrier<\/p><\/div>\n<h5><a href=\"http:\/\/lesrebellesdenoel.ch\/chfr\/rebelle-noe-sur-juste-ciel-radio-suisse-romande\/\" target=\"_blank\">Radio Suisse Romande &#8211; Juste Ciel<\/a> &#8211; 11 d\u00e9cembre 2009<\/h5>\n<h5><a href=\"http:\/\/www.alliance-presse.info\/news_internationales\/details.php?id_article=3695&amp;style=ca\" target=\"_blank\">Alliance Presse<\/a> &#8211; 10 d\u00e9cembre 2009<\/h5>\n<h5><a href=\"http:\/\/www.lafree.ch\/details.php\/fr\/actualite.html?idelement=1049\" target=\"_blank\">Free<\/a> &#8211; 10 d\u00e9cembre 2009<\/h5>\n<h4><strong>Projet en allemand<\/strong><\/h4>\n<p><a href=\"http:\/\/www.lifechannel.ch\/artikel\/11510.html\" target=\"_blank\">Interview dans LifeChannel<\/a> &#8211; 16 d\u00e9cembre 2009<\/p>\n<p><a href=\"http:\/\/ref.ch\" target=\"_blank\">ref.ch<\/a> (Portail r\u00e9form\u00e9 suisse allemand) Article avec vid\u00e9o<\/p>\n<p><a href=\"https:\/\/i0.wp.com\/lesrebellesdenoel.ch\/chfr\/wp-content\/rebelles\/2009\/12\/ref-decembre20091.png\"><img data-attachment-id=\"592\" data-permalink=\"https:\/\/lesrebellesdenoel.ch\/chfr\/presse\/ref-decembre2009-2\/\" data-orig-file=\"https:\/\/i0.wp.com\/lesrebellesdenoel.ch\/chfr\/wp-content\/rebelles\/2009\/12\/ref-decembre20091.png?fit=450%2C497&amp;ssl=1\" data-orig-size=\"450,497\" data-comments-opened=\"1\" data-image-meta=\"{&quot;aperture&quot;:&quot;0&quot;,&quot;credit&quot;:&quot;&quot;,&quot;camera&quot;:&quot;&quot;,&quot;caption&quot;:&quot;&quot;,&quot;created_timestamp&quot;:&quot;0&quot;,&quot;copyright&quot;:&quot;&quot;,&quot;focal_length&quot;:&quot;0&quot;,&quot;iso&quot;:&quot;0&quot;,&quot;shutter_speed&quot;:&quot;0&quot;,&quot;title&quot;:&quot;&quot;,&quot;orientation&quot;:&quot;0&quot;}\" data-image-title=\"ref-decembre2009\" data-image-description=\"\" data-image-caption=\"\" data-medium-file=\"https:\/\/i0.wp.com\/lesrebellesdenoel.ch\/chfr\/wp-content\/rebelles\/2009\/12\/ref-decembre20091.png?fit=272%2C300&amp;ssl=1\" data-large-file=\"https:\/\/i0.wp.com\/lesrebellesdenoel.ch\/chfr\/wp-content\/rebelles\/2009\/12\/ref-decembre20091.png?fit=450%2C497&amp;ssl=1\" decoding=\"async\" loading=\"lazy\" class=\"alignnone size-full wp-image-592\" title=\"ref-decembre2009\" src=\"https:\/\/i0.wp.com\/lesrebellesdenoel.ch\/chfr\/wp-content\/rebelles\/2009\/12\/ref-decembre20091.png?resize=450%2C497\" alt=\"ref-decembre2009\" width=\"450\" height=\"497\" srcset=\"https:\/\/i0.wp.com\/lesrebellesdenoel.ch\/chfr\/wp-content\/rebelles\/2009\/12\/ref-decembre20091.png?w=450&amp;ssl=1 450w, https:\/\/i0.wp.com\/lesrebellesdenoel.ch\/chfr\/wp-content\/rebelles\/2009\/12\/ref-decembre20091.png?resize=272%2C300&amp;ssl=1 272w\" sizes=\"(max-width: 450px) 100vw, 450px\" data-recalc-dims=\"1\" \/><\/a><\/p>\n","protected":false},"excerpt":{"rendered":"<p>Les articles de presse autour de ce projet<\/p>\n","protected":false},"author":1,"featured_media":0,"parent":0,"menu_order":0,"comment_status":"open","ping_status":"open","template":"mes-pages.php","meta":{"_seopress_robots_primary_cat":"","_seopress_titles_title":"","_seopress_titles_desc":"","_seopress_robots_index":"","jetpack_post_was_ever_published":false},"jetpack_shortlink":"https:\/\/wp.me\/PJkx9-9t","jetpack-related-posts":[{"id":621,"url":"https:\/\/lesrebellesdenoel.ch\/chfr\/rebelles-de-noel-campagne-2009-cadeau-different\/participe-avec-rebelles-noel-comment\/projets-a-soutenir-comme-cadeau-noel\/2x-noel\/","url_meta":{"origin":587,"position":0},"title":"2x No\u00ebl","date":"20 d\u00e9cembre 2009","format":false,"excerpt":"Vous pouvez contribuer \u00e0 \u00e9gayer les f\u00eates des plus d\u00e9munis : dans le cadre de l\u2019action \u00ab 2 x No\u00ebl \u00bb, faites un cadeau \u00e0 des personnes d\u00e9favoris\u00e9es en Suisse et \u00e0 l'\u00e9tranger. D\u00e9posez gratuitement votre colis entre le 24 d\u00e9cembre 2009 et le 9 janvier 2010 \u00e0 la Poste\u2026","rel":"","context":"Dans &quot;Non class\u00e9&quot;","img":{"alt_text":"2xnoel","src":"https:\/\/i0.wp.com\/lesrebellesdenoel.ch\/chfr\/wp-content\/rebelles\/2009\/12\/2xnoel.jpg?resize=350%2C200","width":350,"height":200},"classes":[]},{"id":694,"url":"https:\/\/lesrebellesdenoel.ch\/chfr\/introduction-careme1\/","url_meta":{"origin":587,"position":1},"title":"Car\u00eame 2010: calendrier de m\u00e9ditation foi\/action","date":"12 f\u00e9vrier 2010","format":false,"excerpt":"Partager (T\u00e9l\u00e9chargez la vid\u00e9o sur blip.tv - click droite souris - enregistrer sous) Une exp\u00e9rience spirituelle \u00e0 vivre pour marcher vers P\u00e2ques Le mercredi 17 f\u00e9vrier 2010, un nouveau voyage commence pour des milliers de chr\u00e9tiens de par le monde. Ce cheminement spirituel a pour le nom le car\u00eame, il\u2026","rel":"","context":"Dans &quot;Non class\u00e9&quot;","img":{"alt_text":"","src":"https:\/\/i0.wp.com\/lesrebellesdenoel.ch\/chfr\/wp-content\/rebelles\/2010\/02\/sunrise.jpg?resize=350%2C200","width":350,"height":200},"classes":[]},{"id":411,"url":"https:\/\/lesrebellesdenoel.ch\/chfr\/rebelles-de-noel-campagne-2009-cadeau-different\/participe-avec-rebelles-noel-comment\/projets-a-soutenir-comme-cadeau-noel\/cours-d%e2%80%99integration-pour-les-etrangers-vivant-en-suisse\/","url_meta":{"origin":587,"position":2},"title":"Cours d\u2019int\u00e9gration pour les \u00e9trangers vivant en Suisse","date":"7 d\u00e9cembre 2009","format":false,"excerpt":"Mise en place de cours de langue et des projets d\u2019int\u00e9gration, particuli\u00e8rement destin\u00e9s aux jeunes \u00e9trangers.","rel":"","context":"Dans &quot;Non class\u00e9&quot;","img":{"alt_text":"","src":"","width":0,"height":0},"classes":[]},{"id":320,"url":"https:\/\/lesrebellesdenoel.ch\/chfr\/rebelles-de-noel-campagne-2009-cadeau-different\/participe-avec-rebelles-noel-comment\/passer-le-mot-pub-pour-rebelle-de-noel\/inscris-toi-sur-la-fanpage-de-facebook\/","url_meta":{"origin":587,"position":3},"title":"Inscris-toi sur la Fanpage de Facebook","date":"5 d\u00e9cembre 2009","format":false,"excerpt":"Facebook permet de cr\u00e9er des pages de fan. Cela te permet de rester au courant des derni\u00e8res informations publi\u00e9es sur le site.","rel":"","context":"Dans &quot;Non class\u00e9&quot;","img":{"alt_text":"","src":"","width":0,"height":0},"classes":[]},{"id":23,"url":"https:\/\/lesrebellesdenoel.ch\/chfr\/rebelles-de-noel-campagne-2009-cadeau-different\/que-vivre-pendant-noel-avent-proposition-des-rebelles\/donne-plus-comme-des-rebelles-de-noel\/","url_meta":{"origin":587,"position":4},"title":"Donne plus","date":"30 novembre 2009","format":false,"excerpt":"Dieu nous a donn\u00e9 comme cadeau une relation constuire sur l\u2019amour. Ce n\u2019est pas \u00e9tonnant si nous envisageons id\u00e9alement No\u00ebl comme un temps pour aimer vraiment nos amis et nos familles. Prendre et donner du temps est le vrai cadeau offert \u00e0 No\u00ebl. Et il ne se trouve pas dans\u2026","rel":"","context":"Dans &quot;Non class\u00e9&quot;","img":{"alt_text":"","src":"","width":0,"height":0},"classes":[]},{"id":340,"url":"https:\/\/lesrebellesdenoel.ch\/chfr\/rebelles-de-noel-campagne-2009-cadeau-different\/participe-avec-rebelles-noel-comment\/passer-le-mot-pub-pour-rebelle-de-noel\/propose-du-contenu-pour-ce-site\/","url_meta":{"origin":587,"position":5},"title":"Propose du contenu pour ce site","date":"5 d\u00e9cembre 2009","format":false,"excerpt":"On est toujours plus fort quand on se met ensemble. Si tu as des vid\u00e9os \u00e0 partager, des recettes, des id\u00e9es de fabrication de cadeau, etc... partage-les!","rel":"","context":"Dans &quot;Non class\u00e9&quot;","img":{"alt_text":"","src":"","width":0,"height":0},"classes":[]}],"_links":{"self":[{"href":"https:\/\/lesrebellesdenoel.ch\/chfr\/wp-json\/wp\/v2\/pages\/587"}],"collection":[{"href":"https:\/\/lesrebellesdenoel.ch\/chfr\/wp-json\/wp\/v2\/pages"}],"about":[{"href":"https:\/\/lesrebellesdenoel.ch\/chfr\/wp-json\/wp\/v2\/types\/page"}],"author":[{"embeddable":true,"href":"https:\/\/lesrebellesdenoel.ch\/chfr\/wp-json\/wp\/v2\/users\/1"}],"replies":[{"embeddable":true,"href":"https:\/\/lesrebellesdenoel.ch\/chfr\/wp-json\/wp\/v2\/comments?post=587"}],"version-history":[{"count":48,"href":"https:\/\/lesrebellesdenoel.ch\/chfr\/wp-json\/wp\/v2\/pages\/587\/revisions"}],"predecessor-version":[{"id":594,"href":"https:\/\/lesrebellesdenoel.ch\/chfr\/wp-json\/wp\/v2\/pages\/587\/revisions\/594"}],"wp:attachment":[{"href":"https:\/\/lesrebellesdenoel.ch\/chfr\/wp-json\/wp\/v2\/media?parent=587"}],"curies":[{"name":"wp","href":"https:\/\/api.w.org\/{rel}","templated":true}]}}