{"id":1170,"date":"2010-11-23T21:10:32","date_gmt":"2010-11-23T20:10:32","guid":{"rendered":"http:\/\/lesrebellesdenoel.ch\/chfr\/"},"modified":"2010-11-23T21:16:37","modified_gmt":"2010-11-23T20:16:37","slug":"contact","status":"publish","type":"page","link":"https:\/\/lesrebellesdenoel.ch\/chfr\/contact\/","title":{"rendered":"Nous contacter"},"content":{"rendered":"<p>Pour nous laisser un message par email, remplissez le formulaire ci-dessous.<br \/>\nVous pouvez \u00e9galement nous contacter par <a href=\"http:\/\/twitter.com\/#!\/rebellesdenoel\">Twitter<\/a> ou <a href=\"http:\/\/www.facebook.com\/lesrebellesdenoel\">Facebook<\/a>.<\/p>\n\n<div class=\"wpcf7 no-js\" id=\"wpcf7-f1798-o1\" lang=\"\" dir=\"ltr\">\n<div class=\"screen-reader-response\"><p role=\"status\" aria-live=\"polite\" aria-atomic=\"true\"><\/p> <ul><\/ul><\/div>\n<form action=\"\/chfr\/wp-json\/wp\/v2\/pages\/1170#wpcf7-f1798-o1\" method=\"post\" class=\"wpcf7-form init\" aria-label=\"Formulaire de contact\" novalidate=\"novalidate\" data-status=\"init\">\n<div style=\"display: none;\">\n<input type=\"hidden\" name=\"_wpcf7\" value=\"1798\" \/>\n<input type=\"hidden\" name=\"_wpcf7_version\" value=\"5.7.6\" \/>\n<input type=\"hidden\" name=\"_wpcf7_locale\" value=\"\" \/>\n<input type=\"hidden\" name=\"_wpcf7_unit_tag\" value=\"wpcf7-f1798-o1\" \/>\n<input type=\"hidden\" name=\"_wpcf7_container_post\" value=\"0\" \/>\n<input type=\"hidden\" name=\"_wpcf7_posted_data_hash\" value=\"\" \/>\n<\/div>\n<p>Votre nom (obligatoire)\n<\/p>\n<p><span class=\"wpcf7-form-control-wrap\" data-name=\"your-name\"><input size=\"40\" class=\"wpcf7-form-control wpcf7-text wpcf7-validates-as-required\" aria-required=\"true\" aria-invalid=\"false\" value=\"\" type=\"text\" name=\"your-name\" \/><\/span>\n<\/p>\n<p>Votre adresse email (obligatoire)\n<\/p>\n<p><span class=\"wpcf7-form-control-wrap\" data-name=\"your-email\"><input size=\"40\" class=\"wpcf7-form-control wpcf7-text wpcf7-email wpcf7-validates-as-required wpcf7-validates-as-email\" aria-required=\"true\" aria-invalid=\"false\" value=\"\" type=\"email\" name=\"your-email\" \/><\/span>\n<\/p>\n<p>Sujet\n<\/p>\n<p><span class=\"wpcf7-form-control-wrap\" data-name=\"your-subject\"><input size=\"40\" class=\"wpcf7-form-control wpcf7-text\" aria-invalid=\"false\" value=\"\" type=\"text\" name=\"your-subject\" \/><\/span>\n<\/p>\n<p>Votre message\n<\/p>\n<p><span class=\"wpcf7-form-control-wrap\" data-name=\"your-message\"><textarea cols=\"40\" rows=\"10\" class=\"wpcf7-form-control wpcf7-textarea\" aria-invalid=\"false\" name=\"your-message\"><\/textarea><\/span>\n<\/p>\n<p><input class=\"wpcf7-form-control has-spinner wpcf7-submit\" type=\"submit\" value=\"Envoyer\" \/>\n<\/p><p style=\"display: none !important;\" class=\"akismet-fields-container\" data-prefix=\"_wpcf7_ak_\"><label>&#916;<textarea name=\"_wpcf7_ak_hp_textarea\" cols=\"45\" rows=\"8\" maxlength=\"100\"><\/textarea><\/label><input type=\"hidden\" id=\"ak_js_1\" name=\"_wpcf7_ak_js\" value=\"90\"\/><script>document.getElementById( \"ak_js_1\" ).setAttribute( \"value\", ( new Date() ).getTime() );<\/script><\/p><div class=\"wpcf7-response-output\" aria-hidden=\"true\"><\/div>\n<\/form>\n<\/div>\n\n","protected":false},"excerpt":{"rendered":"<p>Pour nous laisser un message par email, remplissez le formulaire ci-dessous. Vous pouvez \u00e9galement nous contacter par Twitter ou Facebook.<\/p>\n","protected":false},"author":1,"featured_media":0,"parent":0,"menu_order":0,"comment_status":"open","ping_status":"open","template":"","meta":{"_seopress_robots_primary_cat":"","_seopress_titles_title":"","_seopress_titles_desc":"","_seopress_robots_index":"","jetpack_post_was_ever_published":false},"jetpack_shortlink":"https:\/\/wp.me\/PJkx9-iS","jetpack-related-posts":[{"id":45,"url":"https:\/\/lesrebellesdenoel.ch\/chfr\/contacter-les-rebelles-de-noe\/","url_meta":{"origin":1170,"position":0},"title":"Contact","date":"30 novembre 2009","format":false,"excerpt":"Ce projet a \u00e9t\u00e9 lanc\u00e9 par Philippe Kiener et Christnet le soutien.\u00a0Pour contacter Philippe,\u00a0merci de remplir le formulaire ci-dessous. Tu peux aussi nous envoyer un message sur Twitter.","rel":"","context":"Dans &quot;Non class\u00e9&quot;","img":{"alt_text":"","src":"","width":0,"height":0},"classes":[]},{"id":227,"url":"https:\/\/lesrebellesdenoel.ch\/chfr\/rebelles-de-noel-campagne-2009-cadeau-different\/participe-avec-rebelles-noel-comment\/proposer-son-aide-aux-rebelles-de-noe\/","url_meta":{"origin":1170,"position":1},"title":"Nous aider","date":"4 d\u00e9cembre 2009","format":false,"excerpt":"Int\u00e9ress\u00e9 \u00e0 faire partie de ce projet? Afin de d\u00e9velopper le projet pour 2010, nous cherchons d\u00e8s maintenant des collaborateurs dans diff\u00e9rents domaines :","rel":"","context":"Dans &quot;Non class\u00e9&quot;","img":{"alt_text":"","src":"","width":0,"height":0},"classes":[]},{"id":747,"url":"https:\/\/lesrebellesdenoel.ch\/chfr\/vivre-le-careme-2010-joindre-foi-action\/","url_meta":{"origin":1170,"position":2},"title":"Car\u00eame","date":"13 f\u00e9vrier 2010","format":false,"excerpt":"Fichier \u00e0 imprimer \"Car\u00eame 2010 - introduction et impressum\" Retrouvez toutes les m\u00e9diations du car\u00eame 2010. Introduction au projet Le car\u00eame en 2010 ? Se d\u00e9pouiller, renoncer, mourir \u00e0 soi-m\u00eame ? Mais enfin, nous ne sommes plus au Moyen-\u00c2ge, ce n\u2019est pas super enthousiasmant tout \u00e7a ! En effet, vivre\u2026","rel":"","context":"Dans &quot;Non class\u00e9&quot;","img":{"alt_text":"","src":"https:\/\/i0.wp.com\/lesrebellesdenoel.ch\/chfr\/wp-content\/rebelles\/2010\/02\/careme-exemple-front.jpg?resize=350%2C200","width":350,"height":200},"classes":[]},{"id":694,"url":"https:\/\/lesrebellesdenoel.ch\/chfr\/introduction-careme1\/","url_meta":{"origin":1170,"position":3},"title":"Car\u00eame 2010: calendrier de m\u00e9ditation foi\/action","date":"12 f\u00e9vrier 2010","format":false,"excerpt":"Partager (T\u00e9l\u00e9chargez la vid\u00e9o sur blip.tv - click droite souris - enregistrer sous) Une exp\u00e9rience spirituelle \u00e0 vivre pour marcher vers P\u00e2ques Le mercredi 17 f\u00e9vrier 2010, un nouveau voyage commence pour des milliers de chr\u00e9tiens de par le monde. Ce cheminement spirituel a pour le nom le car\u00eame, il\u2026","rel":"","context":"Dans &quot;Non class\u00e9&quot;","img":{"alt_text":"","src":"https:\/\/i0.wp.com\/lesrebellesdenoel.ch\/chfr\/wp-content\/rebelles\/2010\/02\/sunrise.jpg?resize=350%2C200","width":350,"height":200},"classes":[]},{"id":506,"url":"https:\/\/lesrebellesdenoel.ch\/chfr\/rebelles-de-noel-campagne-2009-cadeau-different\/participe-avec-rebelles-noel-comment\/projets-a-soutenir-comme-cadeau-noel\/missions-d%e2%80%99urgence-en-somalie-et-somaliland\/","url_meta":{"origin":1170,"position":4},"title":"Missions d\u2019urgence en Somalie et Somaliland","date":"9 d\u00e9cembre 2009","format":false,"excerpt":"Depuis pr\u00e8s d\u2019un an, les \u00e9quipes de Medair et leurs partenaires travaillent d\u2019arrache-pied pour assurer la survie de populations qui, apr\u00e8s avoir subi la violence, la s\u00e9cheresse et l\u2019exode, sont en proie \u00e0 la faim et aux \u00e9pid\u00e9mies.","rel":"","context":"Dans &quot;Non class\u00e9&quot;","img":{"alt_text":"","src":"","width":0,"height":0},"classes":[]},{"id":587,"url":"https:\/\/lesrebellesdenoel.ch\/chfr\/presse\/","url_meta":{"origin":1170,"position":5},"title":"Les Rebelles de No\u00ebl dans la presse","date":"18 d\u00e9cembre 2009","format":false,"excerpt":"Les articles de presse autour de ce projet","rel":"","context":"Dans &quot;Non class\u00e9&quot;","img":{"alt_text":"tribune-geneve-18-12-2009-small","src":"https:\/\/i0.wp.com\/lesrebellesdenoel.ch\/chfr\/wp-content\/rebelles\/2009\/12\/tribune-geneve-18-12-2009-small.png?resize=350%2C200","width":350,"height":200},"classes":[]}],"_links":{"self":[{"href":"https:\/\/lesrebellesdenoel.ch\/chfr\/wp-json\/wp\/v2\/pages\/1170"}],"collection":[{"href":"https:\/\/lesrebellesdenoel.ch\/chfr\/wp-json\/wp\/v2\/pages"}],"about":[{"href":"https:\/\/lesrebellesdenoel.ch\/chfr\/wp-json\/wp\/v2\/types\/page"}],"author":[{"embeddable":true,"href":"https:\/\/lesrebellesdenoel.ch\/chfr\/wp-json\/wp\/v2\/users\/1"}],"replies":[{"embeddable":true,"href":"https:\/\/lesrebellesdenoel.ch\/chfr\/wp-json\/wp\/v2\/comments?post=1170"}],"version-history":[{"count":6,"href":"https:\/\/lesrebellesdenoel.ch\/chfr\/wp-json\/wp\/v2\/pages\/1170\/revisions"}],"predecessor-version":[{"id":1177,"href":"https:\/\/lesrebellesdenoel.ch\/chfr\/wp-json\/wp\/v2\/pages\/1170\/revisions\/1177"}],"wp:attachment":[{"href":"https:\/\/lesrebellesdenoel.ch\/chfr\/wp-json\/wp\/v2\/media?parent=1170"}],"curies":[{"name":"wp","href":"https:\/\/api.w.org\/{rel}","templated":true}]}}